{"id":2331,"date":"2017-01-24T16:20:21","date_gmt":"2017-01-24T16:20:21","guid":{"rendered":"https:\/\/manriquepedraza.com\/estetica-dental-santander\/"},"modified":"2018-07-12T11:55:06","modified_gmt":"2018-07-12T11:55:06","slug":"aesthetics","status":"publish","type":"page","link":"https:\/\/manriquepedraza.com\/en\/aesthetics\/","title":{"rendered":"AESTHETICS"},"content":{"rendered":"\n<style type=\"text\/css\" data-created_by=\"avia_inline_auto\" id=\"style-css-av-av_one_full-6126cab7d8fab8d08143dd2dacdf673c\">\n.flex_column.av-av_one_full-6126cab7d8fab8d08143dd2dacdf673c{\nborder-radius:0px 0px 0px 0px;\npadding:0px 0px 0px 0px;\n}\n<\/style>\n<div  class='flex_column av-av_one_full-6126cab7d8fab8d08143dd2dacdf673c av_one_full  avia-builder-el-0  el_before_av_one_full  avia-builder-el-first  first flex_column_div av-zero-column-padding  '     ><style type=\"text\/css\" data-created_by=\"avia_inline_auto\" id=\"style-css-av-av_image-1c81a1cc65c5ffa20a5b24c6a137ace3\">\n.avia-image-container.av-av_image-1c81a1cc65c5ffa20a5b24c6a137ace3 img.avia_image{\nbox-shadow:none;\n}\n.avia-image-container.av-av_image-1c81a1cc65c5ffa20a5b24c6a137ace3 .av-image-caption-overlay-center{\ncolor:#ffffff;\n}\n<\/style>\n<div  class='avia-image-container av-av_image-1c81a1cc65c5ffa20a5b24c6a137ace3 av-styling- avia-align-center  avia-builder-el-1  avia-builder-el-no-sibling '   itemprop=\"image\" itemscope=\"itemscope\" itemtype=\"https:\/\/schema.org\/ImageObject\" ><div class=\"avia-image-container-inner\"><div class=\"avia-image-overlay-wrap\"><img decoding=\"async\" fetchpriority=\"high\" class='wp-image-2897 avia-img-lazy-loading-not-2897 avia_image ' src=\"https:\/\/manriquepedraza.com\/wp-content\/uploads\/2017\/01\/clinica-dental-manrique-y-pedraza-santander-cantabria-estetita.jpg\" alt='est\u00e9tica dental Santander' title='clinica-dental-manrique-y-pedraza-santander-cantabria-estetita'  height=\"500\" width=\"1300\"  itemprop=\"thumbnailUrl\" srcset=\"https:\/\/manriquepedraza.com\/wp-content\/uploads\/2017\/01\/clinica-dental-manrique-y-pedraza-santander-cantabria-estetita.jpg 1300w, https:\/\/manriquepedraza.com\/wp-content\/uploads\/2017\/01\/clinica-dental-manrique-y-pedraza-santander-cantabria-estetita-300x115.jpg 300w, https:\/\/manriquepedraza.com\/wp-content\/uploads\/2017\/01\/clinica-dental-manrique-y-pedraza-santander-cantabria-estetita-768x295.jpg 768w, https:\/\/manriquepedraza.com\/wp-content\/uploads\/2017\/01\/clinica-dental-manrique-y-pedraza-santander-cantabria-estetita-1030x396.jpg 1030w, https:\/\/manriquepedraza.com\/wp-content\/uploads\/2017\/01\/clinica-dental-manrique-y-pedraza-santander-cantabria-estetita-705x271.jpg 705w, https:\/\/manriquepedraza.com\/wp-content\/uploads\/2017\/01\/clinica-dental-manrique-y-pedraza-santander-cantabria-estetita-450x173.jpg 450w\" sizes=\"(max-width: 1300px) 100vw, 1300px\" \/><\/div><\/div><\/div><\/div>\n\n<style type=\"text\/css\" data-created_by=\"avia_inline_auto\" id=\"style-css-av-av_one_full-6126cab7d8fab8d08143dd2dacdf673c\">\n.flex_column.av-av_one_full-6126cab7d8fab8d08143dd2dacdf673c{\nborder-radius:0px 0px 0px 0px;\npadding:0px 0px 0px 0px;\n}\n<\/style>\n<div  class='flex_column av-av_one_full-6126cab7d8fab8d08143dd2dacdf673c av_one_full  avia-builder-el-2  el_after_av_one_full  el_before_av_one_half  first flex_column_div av-zero-column-padding  column-top-margin'     ><p>\n<style type=\"text\/css\" data-created_by=\"avia_inline_auto\" id=\"style-css-av-av_heading-a614014397123ddce8a01ee300d27a98\">\n#top .av-special-heading.av-av_heading-a614014397123ddce8a01ee300d27a98{\npadding-bottom:10px;\ncolor:#236170;\n}\nbody .av-special-heading.av-av_heading-a614014397123ddce8a01ee300d27a98 .av-special-heading-tag .heading-char{\nfont-size:25px;\n}\n.av-special-heading.av-av_heading-a614014397123ddce8a01ee300d27a98 .special-heading-inner-border{\nborder-color:#236170;\n}\n.av-special-heading.av-av_heading-a614014397123ddce8a01ee300d27a98 .av-subheading{\nfont-size:15px;\n}\n<\/style>\n<div  class='av-special-heading av-av_heading-a614014397123ddce8a01ee300d27a98 av-special-heading-h1 custom-color-heading blockquote modern-quote modern-centered  avia-builder-el-3  el_before_av_hr  avia-builder-el-first '><h1 class='av-special-heading-tag '  itemprop=\"headline\"  >AESTHETICS<\/h1><div class=\"special-heading-border\"><div class=\"special-heading-inner-border\"><\/div><\/div><\/div><br \/>\n\n<style type=\"text\/css\" data-created_by=\"avia_inline_auto\" id=\"style-css-av-av_hr-a6de236e6c183bbbd700292deacd2b52\">\n#top .hr.hr-invisible.av-av_hr-a6de236e6c183bbbd700292deacd2b52{\nheight:20px;\n}\n<\/style>\n<div  class='hr av-av_hr-a6de236e6c183bbbd700292deacd2b52 hr-invisible  avia-builder-el-4  el_after_av_heading  el_before_av_image '><span class='hr-inner '><span class=\"hr-inner-style\"><\/span><\/span><\/div><br \/>\n\n<style type=\"text\/css\" data-created_by=\"avia_inline_auto\" id=\"style-css-av-av_image-5de134538e4be50f00bd882ea07f16c0\">\n.avia-image-container.av-av_image-5de134538e4be50f00bd882ea07f16c0 img.avia_image{\nbox-shadow:none;\n}\n.avia-image-container.av-av_image-5de134538e4be50f00bd882ea07f16c0 .av-image-caption-overlay-center{\ncolor:#ffffff;\n}\n<\/style>\n<div  class='avia-image-container av-av_image-5de134538e4be50f00bd882ea07f16c0 av-styling- avia-align-center  avia-builder-el-5  el_after_av_hr  avia-builder-el-last '   itemprop=\"image\" itemscope=\"itemscope\" itemtype=\"https:\/\/schema.org\/ImageObject\" ><div class=\"avia-image-container-inner\"><div class=\"avia-image-overlay-wrap\"><img decoding=\"async\" fetchpriority=\"high\" class='wp-image-2846 avia-img-lazy-loading-not-2846 avia_image ' src=\"https:\/\/manriquepedraza.com\/wp-content\/uploads\/2017\/01\/favicon.png\" alt='' title='favicon'  height=\"34\" width=\"34\"  itemprop=\"thumbnailUrl\"  \/><\/div><\/div><\/div><\/p><\/div>\n<style type=\"text\/css\" data-created_by=\"avia_inline_auto\" id=\"style-css-av-av_one_half-6126cab7d8fab8d08143dd2dacdf673c\">\n.flex_column.av-av_one_half-6126cab7d8fab8d08143dd2dacdf673c{\nborder-radius:0px 0px 0px 0px;\npadding:0px 0px 0px 0px;\n}\n<\/style>\n<div  class='flex_column av-av_one_half-6126cab7d8fab8d08143dd2dacdf673c av_one_half  avia-builder-el-6  el_after_av_one_full  el_before_av_one_half  first flex_column_div av-zero-column-padding  column-top-margin'     ><section  class='av_textblock_section av-av_textblock-2de302bf1aa3cf4c9157dbe6f50ac7eb '   itemscope=\"itemscope\" itemtype=\"https:\/\/schema.org\/CreativeWork\" ><div class='avia_textblock'  itemprop=\"text\" ><p style=\"text-align: justify;\">We know that <strong>dental aesthetics is very important<\/strong>. That is why we dedicate our best efforts to this dental specialty. The goal is to make you proud to show off your teeth, not to avoid smiling for fear of a dental defect that can be easily corrected with our treatments.<\/p>\n<blockquote>\n<p><strong>They can be done in a single session. It is an option to improve dental aesthetics in a fast and economical way.<\/strong><\/p>\n<\/blockquote>\n<p style=\"text-align: justify;\">To achieve these goals we employ different techniques, such as teeth whitening, composite or ceramic veneers, orthodontics, and other advanced techniques.<\/p>\n<\/div><\/section><\/div>\n<style type=\"text\/css\" data-created_by=\"avia_inline_auto\" id=\"style-css-av-av_one_half-0aa7055fe62c3622faec82866afbaeb2\">\n.flex_column.av-av_one_half-0aa7055fe62c3622faec82866afbaeb2{\nborder-radius:0px 0px 0px 0px;\npadding:0px 0px 0px 0px;\n}\n<\/style>\n<div  class='flex_column av-av_one_half-0aa7055fe62c3622faec82866afbaeb2 av_one_half  avia-builder-el-8  el_after_av_one_half  avia-builder-el-last  flex_column_div av-zero-column-padding  column-top-margin'     ><section  class='av_textblock_section av-av_textblock-2de302bf1aa3cf4c9157dbe6f50ac7eb '   itemscope=\"itemscope\" itemtype=\"https:\/\/schema.org\/CreativeWork\" ><div class='avia_textblock'  itemprop=\"text\" ><p style=\"text-align: justify;\">Ceramic veneers are thin ceramic sheets made to measure in the laboratory that are placed covering the entire anterior surface of the tooth, providing the patient&#8217;s smile with a suitable shape, size, color and position. The treatment of porcelain veneers is done in 2 sessions.<\/p>\n<p style=\"text-align: justify;\">The first one is where the thickness of the tooth is reduced a little and stockings are taken to be made in our laboratory. At the second appointment, the final veneer is cemented into the patient&#8217;s tooth. Composite Veneers. It consists of adhering a material of the same composite color to the tooth to give the desired shape and appearance to the patient&#8217;s smile.<\/p>\n<\/div><\/section><\/div><\/p>\n","protected":false},"excerpt":{"rendered":"","protected":false},"author":1,"featured_media":0,"parent":0,"menu_order":0,"comment_status":"closed","ping_status":"closed","template":"","meta":{"_monsterinsights_skip_tracking":false,"_monsterinsights_sitenote_active":false,"_monsterinsights_sitenote_note":"","_monsterinsights_sitenote_category":0,"footnotes":""},"class_list":["post-2331","page","type-page","status-publish","hentry"],"yoast_head":"<!-- This site is optimized with the Yoast SEO plugin v27.1.1 - https:\/\/yoast.com\/product\/yoast-seo-wordpress\/ -->\n<title>Est\u00e9tica dental Santander, clinicas dentales est\u00e9tica Santander, blanqueamiento dental Santander, dise\u00f1o sonrisa Santander,esteticistas dentales Santander, blanqueamiento dental laser Santander,<\/title>\n<meta name=\"description\" content=\"En nuestra cl\u00ednica te ofrecemos los \u00faltimos avances y tratamientos en Est\u00e9tica dental Santander, clinicas dentales est\u00e9tica Santander, blanqueamiento dental Santander, dise\u00f1o sonrisa Santander,esteticistas dentales Santander, blanqueamiento dental laser Santander,\" \/>\n<meta name=\"robots\" content=\"index, follow, max-snippet:-1, max-image-preview:large, max-video-preview:-1\" \/>\n<link rel=\"canonical\" href=\"https:\/\/manriquepedraza.com\/en\/aesthetics\/\" \/>\n<meta property=\"og:locale\" content=\"en_US\" \/>\n<meta property=\"og:type\" content=\"article\" \/>\n<meta property=\"og:title\" content=\"Est\u00e9tica dental Santander, clinicas dentales est\u00e9tica Santander, blanqueamiento dental Santander, dise\u00f1o sonrisa Santander,esteticistas dentales Santander, blanqueamiento dental laser Santander,\" \/>\n<meta property=\"og:description\" content=\"En nuestra cl\u00ednica te ofrecemos los \u00faltimos avances y tratamientos en Est\u00e9tica dental Santander, clinicas dentales est\u00e9tica Santander, blanqueamiento dental Santander, dise\u00f1o sonrisa Santander,esteticistas dentales Santander, blanqueamiento dental laser Santander,\" \/>\n<meta property=\"og:url\" content=\"https:\/\/manriquepedraza.com\/en\/aesthetics\/\" \/>\n<meta property=\"og:site_name\" content=\"Manrique+Pedraza\" \/>\n<meta property=\"article:modified_time\" content=\"2018-07-12T11:55:06+00:00\" \/>\n<meta name=\"twitter:card\" content=\"summary_large_image\" \/>\n<meta name=\"twitter:label1\" content=\"Est. reading time\" \/>\n\t<meta name=\"twitter:data1\" content=\"3 minutes\" \/>\n<script type=\"application\/ld+json\" class=\"yoast-schema-graph\">{\"@context\":\"https:\/\/schema.org\",\"@graph\":[{\"@type\":\"WebPage\",\"@id\":\"https:\/\/manriquepedraza.com\/en\/aesthetics\/\",\"url\":\"https:\/\/manriquepedraza.com\/en\/aesthetics\/\",\"name\":\"Est\u00e9tica dental Santander, clinicas dentales est\u00e9tica Santander, blanqueamiento dental Santander, dise\u00f1o sonrisa Santander,esteticistas dentales Santander, blanqueamiento dental laser Santander,\",\"isPartOf\":{\"@id\":\"https:\/\/manriquepedraza.com\/#website\"},\"datePublished\":\"2017-01-24T16:20:21+00:00\",\"dateModified\":\"2018-07-12T11:55:06+00:00\",\"description\":\"En nuestra cl\u00ednica te ofrecemos los \u00faltimos avances y tratamientos en Est\u00e9tica dental Santander, clinicas dentales est\u00e9tica Santander, blanqueamiento dental Santander, dise\u00f1o sonrisa Santander,esteticistas dentales Santander, blanqueamiento dental laser Santander,\",\"breadcrumb\":{\"@id\":\"https:\/\/manriquepedraza.com\/en\/aesthetics\/#breadcrumb\"},\"inLanguage\":\"en-US\",\"potentialAction\":[{\"@type\":\"ReadAction\",\"target\":[\"https:\/\/manriquepedraza.com\/en\/aesthetics\/\"]}]},{\"@type\":\"BreadcrumbList\",\"@id\":\"https:\/\/manriquepedraza.com\/en\/aesthetics\/#breadcrumb\",\"itemListElement\":[{\"@type\":\"ListItem\",\"position\":1,\"name\":\"Portada\",\"item\":\"https:\/\/manriquepedraza.com\/en\/\"},{\"@type\":\"ListItem\",\"position\":2,\"name\":\"AESTHETICS\"}]},{\"@type\":\"WebSite\",\"@id\":\"https:\/\/manriquepedraza.com\/#website\",\"url\":\"https:\/\/manriquepedraza.com\/\",\"name\":\"Manrique+Pedraza\",\"description\":\"Centro de Especialidades Odontol\u00f3gicas en Santander\",\"publisher\":{\"@id\":\"https:\/\/manriquepedraza.com\/#organization\"},\"potentialAction\":[{\"@type\":\"SearchAction\",\"target\":{\"@type\":\"EntryPoint\",\"urlTemplate\":\"https:\/\/manriquepedraza.com\/?s={search_term_string}\"},\"query-input\":{\"@type\":\"PropertyValueSpecification\",\"valueRequired\":true,\"valueName\":\"search_term_string\"}}],\"inLanguage\":\"en-US\"},{\"@type\":\"Organization\",\"@id\":\"https:\/\/manriquepedraza.com\/#organization\",\"name\":\"Manrique y Pedraza\",\"url\":\"https:\/\/manriquepedraza.com\/\",\"logo\":{\"@type\":\"ImageObject\",\"inLanguage\":\"en-US\",\"@id\":\"https:\/\/manriquepedraza.com\/#\/schema\/logo\/image\/\",\"url\":\"https:\/\/manriquepedraza.com\/wp-content\/uploads\/2017\/01\/logo.png\",\"contentUrl\":\"https:\/\/manriquepedraza.com\/wp-content\/uploads\/2017\/01\/logo.png\",\"width\":357,\"height\":71,\"caption\":\"Manrique y Pedraza\"},\"image\":{\"@id\":\"https:\/\/manriquepedraza.com\/#\/schema\/logo\/image\/\"}}]}<\/script>\n<!-- \/ Yoast SEO plugin. -->","yoast_head_json":{"title":"Est\u00e9tica dental Santander, clinicas dentales est\u00e9tica Santander, blanqueamiento dental Santander, dise\u00f1o sonrisa Santander,esteticistas dentales Santander, blanqueamiento dental laser Santander,","description":"En nuestra cl\u00ednica te ofrecemos los \u00faltimos avances y tratamientos en Est\u00e9tica dental Santander, clinicas dentales est\u00e9tica Santander, blanqueamiento dental Santander, dise\u00f1o sonrisa Santander,esteticistas dentales Santander, blanqueamiento dental laser Santander,","robots":{"index":"index","follow":"follow","max-snippet":"max-snippet:-1","max-image-preview":"max-image-preview:large","max-video-preview":"max-video-preview:-1"},"canonical":"https:\/\/manriquepedraza.com\/en\/aesthetics\/","og_locale":"en_US","og_type":"article","og_title":"Est\u00e9tica dental Santander, clinicas dentales est\u00e9tica Santander, blanqueamiento dental Santander, dise\u00f1o sonrisa Santander,esteticistas dentales Santander, blanqueamiento dental laser Santander,","og_description":"En nuestra cl\u00ednica te ofrecemos los \u00faltimos avances y tratamientos en Est\u00e9tica dental Santander, clinicas dentales est\u00e9tica Santander, blanqueamiento dental Santander, dise\u00f1o sonrisa Santander,esteticistas dentales Santander, blanqueamiento dental laser Santander,","og_url":"https:\/\/manriquepedraza.com\/en\/aesthetics\/","og_site_name":"Manrique+Pedraza","article_modified_time":"2018-07-12T11:55:06+00:00","twitter_card":"summary_large_image","twitter_misc":{"Est. reading time":"3 minutes"},"schema":{"@context":"https:\/\/schema.org","@graph":[{"@type":"WebPage","@id":"https:\/\/manriquepedraza.com\/en\/aesthetics\/","url":"https:\/\/manriquepedraza.com\/en\/aesthetics\/","name":"Est\u00e9tica dental Santander, clinicas dentales est\u00e9tica Santander, blanqueamiento dental Santander, dise\u00f1o sonrisa Santander,esteticistas dentales Santander, blanqueamiento dental laser Santander,","isPartOf":{"@id":"https:\/\/manriquepedraza.com\/#website"},"datePublished":"2017-01-24T16:20:21+00:00","dateModified":"2018-07-12T11:55:06+00:00","description":"En nuestra cl\u00ednica te ofrecemos los \u00faltimos avances y tratamientos en Est\u00e9tica dental Santander, clinicas dentales est\u00e9tica Santander, blanqueamiento dental Santander, dise\u00f1o sonrisa Santander,esteticistas dentales Santander, blanqueamiento dental laser Santander,","breadcrumb":{"@id":"https:\/\/manriquepedraza.com\/en\/aesthetics\/#breadcrumb"},"inLanguage":"en-US","potentialAction":[{"@type":"ReadAction","target":["https:\/\/manriquepedraza.com\/en\/aesthetics\/"]}]},{"@type":"BreadcrumbList","@id":"https:\/\/manriquepedraza.com\/en\/aesthetics\/#breadcrumb","itemListElement":[{"@type":"ListItem","position":1,"name":"Portada","item":"https:\/\/manriquepedraza.com\/en\/"},{"@type":"ListItem","position":2,"name":"AESTHETICS"}]},{"@type":"WebSite","@id":"https:\/\/manriquepedraza.com\/#website","url":"https:\/\/manriquepedraza.com\/","name":"Manrique+Pedraza","description":"Centro de Especialidades Odontol\u00f3gicas en Santander","publisher":{"@id":"https:\/\/manriquepedraza.com\/#organization"},"potentialAction":[{"@type":"SearchAction","target":{"@type":"EntryPoint","urlTemplate":"https:\/\/manriquepedraza.com\/?s={search_term_string}"},"query-input":{"@type":"PropertyValueSpecification","valueRequired":true,"valueName":"search_term_string"}}],"inLanguage":"en-US"},{"@type":"Organization","@id":"https:\/\/manriquepedraza.com\/#organization","name":"Manrique y Pedraza","url":"https:\/\/manriquepedraza.com\/","logo":{"@type":"ImageObject","inLanguage":"en-US","@id":"https:\/\/manriquepedraza.com\/#\/schema\/logo\/image\/","url":"https:\/\/manriquepedraza.com\/wp-content\/uploads\/2017\/01\/logo.png","contentUrl":"https:\/\/manriquepedraza.com\/wp-content\/uploads\/2017\/01\/logo.png","width":357,"height":71,"caption":"Manrique y Pedraza"},"image":{"@id":"https:\/\/manriquepedraza.com\/#\/schema\/logo\/image\/"}}]}},"_links":{"self":[{"href":"https:\/\/manriquepedraza.com\/en\/wp-json\/wp\/v2\/pages\/2331","targetHints":{"allow":["GET"]}}],"collection":[{"href":"https:\/\/manriquepedraza.com\/en\/wp-json\/wp\/v2\/pages"}],"about":[{"href":"https:\/\/manriquepedraza.com\/en\/wp-json\/wp\/v2\/types\/page"}],"author":[{"embeddable":true,"href":"https:\/\/manriquepedraza.com\/en\/wp-json\/wp\/v2\/users\/1"}],"replies":[{"embeddable":true,"href":"https:\/\/manriquepedraza.com\/en\/wp-json\/wp\/v2\/comments?post=2331"}],"version-history":[{"count":0,"href":"https:\/\/manriquepedraza.com\/en\/wp-json\/wp\/v2\/pages\/2331\/revisions"}],"wp:attachment":[{"href":"https:\/\/manriquepedraza.com\/en\/wp-json\/wp\/v2\/media?parent=2331"}],"curies":[{"name":"wp","href":"https:\/\/api.w.org\/{rel}","templated":true}]}}