{"id":2325,"date":"2017-01-24T16:30:31","date_gmt":"2017-01-24T16:30:31","guid":{"rendered":"https:\/\/manriquepedraza.com\/odontopediatras-santander\/"},"modified":"2018-07-12T11:46:11","modified_gmt":"2018-07-12T11:46:11","slug":"odontopaediatric","status":"publish","type":"page","link":"https:\/\/manriquepedraza.com\/en\/odontopaediatric\/","title":{"rendered":"ODONTOPAEDIATRIC"},"content":{"rendered":"\n<style type=\"text\/css\" data-created_by=\"avia_inline_auto\" id=\"style-css-av-av_one_full-6126cab7d8fab8d08143dd2dacdf673c\">\n.flex_column.av-av_one_full-6126cab7d8fab8d08143dd2dacdf673c{\nborder-radius:0px 0px 0px 0px;\npadding:0px 0px 0px 0px;\n}\n<\/style>\n<div  class='flex_column av-av_one_full-6126cab7d8fab8d08143dd2dacdf673c av_one_full  avia-builder-el-0  el_before_av_one_full  avia-builder-el-first  first flex_column_div av-zero-column-padding  '     ><style type=\"text\/css\" data-created_by=\"avia_inline_auto\" id=\"style-css-av-av_image-9c3608c87f9d75e952e4ad05dc5756a8\">\n.avia-image-container.av-av_image-9c3608c87f9d75e952e4ad05dc5756a8 img.avia_image{\nbox-shadow:none;\n}\n.avia-image-container.av-av_image-9c3608c87f9d75e952e4ad05dc5756a8 .av-image-caption-overlay-center{\ncolor:#ffffff;\n}\n<\/style>\n<div  class='avia-image-container av-av_image-9c3608c87f9d75e952e4ad05dc5756a8 av-styling- avia-align-center  avia-builder-el-1  avia-builder-el-no-sibling '   itemprop=\"image\" itemscope=\"itemscope\" itemtype=\"https:\/\/schema.org\/ImageObject\" ><div class=\"avia-image-container-inner\"><div class=\"avia-image-overlay-wrap\"><img decoding=\"async\" fetchpriority=\"high\" class='wp-image-2896 avia-img-lazy-loading-not-2896 avia_image ' src=\"https:\/\/manriquepedraza.com\/wp-content\/uploads\/2017\/01\/clinica-dental-manrique-y-pedraza-santander-cantabria-odontopediatria.jpg\" alt='' title='clinica-dental-manrique-y-pedraza-santander-cantabria-odontopediatria'  height=\"500\" width=\"1300\"  itemprop=\"thumbnailUrl\" srcset=\"https:\/\/manriquepedraza.com\/wp-content\/uploads\/2017\/01\/clinica-dental-manrique-y-pedraza-santander-cantabria-odontopediatria.jpg 1300w, https:\/\/manriquepedraza.com\/wp-content\/uploads\/2017\/01\/clinica-dental-manrique-y-pedraza-santander-cantabria-odontopediatria-300x115.jpg 300w, https:\/\/manriquepedraza.com\/wp-content\/uploads\/2017\/01\/clinica-dental-manrique-y-pedraza-santander-cantabria-odontopediatria-768x295.jpg 768w, https:\/\/manriquepedraza.com\/wp-content\/uploads\/2017\/01\/clinica-dental-manrique-y-pedraza-santander-cantabria-odontopediatria-1030x396.jpg 1030w, https:\/\/manriquepedraza.com\/wp-content\/uploads\/2017\/01\/clinica-dental-manrique-y-pedraza-santander-cantabria-odontopediatria-705x271.jpg 705w, https:\/\/manriquepedraza.com\/wp-content\/uploads\/2017\/01\/clinica-dental-manrique-y-pedraza-santander-cantabria-odontopediatria-450x173.jpg 450w\" sizes=\"(max-width: 1300px) 100vw, 1300px\" \/><\/div><\/div><\/div><\/div>\n\n<style type=\"text\/css\" data-created_by=\"avia_inline_auto\" id=\"style-css-av-av_one_full-6126cab7d8fab8d08143dd2dacdf673c\">\n.flex_column.av-av_one_full-6126cab7d8fab8d08143dd2dacdf673c{\nborder-radius:0px 0px 0px 0px;\npadding:0px 0px 0px 0px;\n}\n<\/style>\n<div  class='flex_column av-av_one_full-6126cab7d8fab8d08143dd2dacdf673c av_one_full  avia-builder-el-2  el_after_av_one_full  el_before_av_one_half  first flex_column_div av-zero-column-padding  column-top-margin'     ><p>\n<style type=\"text\/css\" data-created_by=\"avia_inline_auto\" id=\"style-css-av-av_heading-69fbd40526849af64dfef44332540684\">\n#top .av-special-heading.av-av_heading-69fbd40526849af64dfef44332540684{\npadding-bottom:10px;\ncolor:#236170;\n}\nbody .av-special-heading.av-av_heading-69fbd40526849af64dfef44332540684 .av-special-heading-tag .heading-char{\nfont-size:25px;\n}\n.av-special-heading.av-av_heading-69fbd40526849af64dfef44332540684 .special-heading-inner-border{\nborder-color:#236170;\n}\n.av-special-heading.av-av_heading-69fbd40526849af64dfef44332540684 .av-subheading{\nfont-size:15px;\n}\n<\/style>\n<div  class='av-special-heading av-av_heading-69fbd40526849af64dfef44332540684 av-special-heading-h1 custom-color-heading blockquote modern-quote modern-centered  avia-builder-el-3  el_before_av_hr  avia-builder-el-first '><h1 class='av-special-heading-tag '  itemprop=\"headline\"  >ODONTOPAEDIATRIC SPECIALISTS IN SANTANDER<\/h1><div class=\"special-heading-border\"><div class=\"special-heading-inner-border\"><\/div><\/div><\/div><br \/>\n\n<style type=\"text\/css\" data-created_by=\"avia_inline_auto\" id=\"style-css-av-av_hr-a6de236e6c183bbbd700292deacd2b52\">\n#top .hr.hr-invisible.av-av_hr-a6de236e6c183bbbd700292deacd2b52{\nheight:20px;\n}\n<\/style>\n<div  class='hr av-av_hr-a6de236e6c183bbbd700292deacd2b52 hr-invisible  avia-builder-el-4  el_after_av_heading  el_before_av_image '><span class='hr-inner '><span class=\"hr-inner-style\"><\/span><\/span><\/div><br \/>\n\n<style type=\"text\/css\" data-created_by=\"avia_inline_auto\" id=\"style-css-av-av_image-5de134538e4be50f00bd882ea07f16c0\">\n.avia-image-container.av-av_image-5de134538e4be50f00bd882ea07f16c0 img.avia_image{\nbox-shadow:none;\n}\n.avia-image-container.av-av_image-5de134538e4be50f00bd882ea07f16c0 .av-image-caption-overlay-center{\ncolor:#ffffff;\n}\n<\/style>\n<div  class='avia-image-container av-av_image-5de134538e4be50f00bd882ea07f16c0 av-styling- avia-align-center  avia-builder-el-5  el_after_av_hr  avia-builder-el-last '   itemprop=\"image\" itemscope=\"itemscope\" itemtype=\"https:\/\/schema.org\/ImageObject\" ><div class=\"avia-image-container-inner\"><div class=\"avia-image-overlay-wrap\"><img decoding=\"async\" fetchpriority=\"high\" class='wp-image-2846 avia-img-lazy-loading-not-2846 avia_image ' src=\"https:\/\/manriquepedraza.com\/wp-content\/uploads\/2017\/01\/favicon.png\" alt='' title='favicon'  height=\"34\" width=\"34\"  itemprop=\"thumbnailUrl\"  \/><\/div><\/div><\/div><\/p><\/div>\n<style type=\"text\/css\" data-created_by=\"avia_inline_auto\" id=\"style-css-av-av_one_half-6126cab7d8fab8d08143dd2dacdf673c\">\n.flex_column.av-av_one_half-6126cab7d8fab8d08143dd2dacdf673c{\nborder-radius:0px 0px 0px 0px;\npadding:0px 0px 0px 0px;\n}\n<\/style>\n<div  class='flex_column av-av_one_half-6126cab7d8fab8d08143dd2dacdf673c av_one_half  avia-builder-el-6  el_after_av_one_full  el_before_av_one_half  first flex_column_div av-zero-column-padding  column-top-margin'     ><section  class='av_textblock_section av-av_textblock-2de302bf1aa3cf4c9157dbe6f50ac7eb '   itemscope=\"itemscope\" itemtype=\"https:\/\/schema.org\/CreativeWork\" ><div class='avia_textblock'  itemprop=\"text\" ><p style=\"text-align: justify;\">At the Manrique&amp;Pedraza Clinic we are aware of the importance of encouraging dental hygiene habits in children and of having the latter attend checkups approximately every 6 months. It is very important for this to be done from an early age so that they are used to the process as this will give them positive motivation for future checkups.<\/p>\n<blockquote>\n<p style=\"text-align: justify;\"><strong>Periodic checkups avoid that \u201cfear of the dentist\u201d which children often feel<\/strong><\/p>\n<\/blockquote>\n<p style=\"text-align: justify;\">In our centre we divideodontopaediatrics into the following:<\/p>\n<p style=\"text-align: justify;\"><strong>Prevention:<\/strong> We take the appropriate measures to anticipate dental problems that may arise. In order to achieve this periodic checkups are necessary.<\/p>\n<\/div><\/section><\/div>\n<style type=\"text\/css\" data-created_by=\"avia_inline_auto\" id=\"style-css-av-av_one_half-0aa7055fe62c3622faec82866afbaeb2\">\n.flex_column.av-av_one_half-0aa7055fe62c3622faec82866afbaeb2{\nborder-radius:0px 0px 0px 0px;\npadding:0px 0px 0px 0px;\n}\n<\/style>\n<div  class='flex_column av-av_one_half-0aa7055fe62c3622faec82866afbaeb2 av_one_half  avia-builder-el-8  el_after_av_one_half  avia-builder-el-last  flex_column_div av-zero-column-padding  column-top-margin'     ><section  class='av_textblock_section av-av_textblock-2de302bf1aa3cf4c9157dbe6f50ac7eb '   itemscope=\"itemscope\" itemtype=\"https:\/\/schema.org\/CreativeWork\" ><div class='avia_textblock'  itemprop=\"text\" ><p style=\"text-align: justify;\"><strong>Odontopaediatrics:<\/strong> This is the field of dentistry that examines and treats children. It detects anomalies in the position of the jaws or teeth in order to carry out restoration treatment if this is necessary, avoiding tooth decay, and treating any decay that has occurred and its consequences which without appropriate treatment may even involve the loss of teeth at an early age.<\/p>\n<p style=\"text-align: justify;\"><strong>Orthodontics for children:<\/strong> This involves the diagnosis of incorrect teeth positions and their correction by aligning the alternations of teeth and jaws.It should be stressed that an advantage of this treatment is that orderly teeth operate better and allow improved chewing, are easier to clean and look better, and will therefore give children fewer problems when they grow up. We also have special treatments for teenagers.<\/p>\n<\/div><\/section><\/div><\/p>\n","protected":false},"excerpt":{"rendered":"","protected":false},"author":1,"featured_media":0,"parent":0,"menu_order":0,"comment_status":"closed","ping_status":"closed","template":"","meta":{"_monsterinsights_skip_tracking":false,"_monsterinsights_sitenote_active":false,"_monsterinsights_sitenote_note":"","_monsterinsights_sitenote_category":0,"footnotes":""},"class_list":["post-2325","page","type-page","status-publish","hentry"],"yoast_head":"<!-- This site is optimized with the Yoast SEO plugin v27.1.1 - https:\/\/yoast.com\/product\/yoast-seo-wordpress\/ -->\n<title>Ondontopediatr\u00eda Santander, odontopediatras Santander, odont\u00f3logos infantiles Santander, especialistas en odontolog\u00eda infantil Santander, dentistas infantiles Santander,<\/title>\n<meta name=\"description\" content=\"Manrique + PedOndontopediatr\u00eda Santander, odontopediatras Santander, odont\u00f3logos infantiles Santander, especialistas en odontolog\u00eda infantil Santander, dentistas infantiles Santander,\" \/>\n<meta name=\"robots\" content=\"index, follow, max-snippet:-1, max-image-preview:large, max-video-preview:-1\" \/>\n<link rel=\"canonical\" href=\"https:\/\/manriquepedraza.com\/en\/odontopaediatric\/\" \/>\n<meta property=\"og:locale\" content=\"en_US\" \/>\n<meta property=\"og:type\" content=\"article\" \/>\n<meta property=\"og:title\" content=\"Ondontopediatr\u00eda Santander, odontopediatras Santander, odont\u00f3logos infantiles Santander, especialistas en odontolog\u00eda infantil Santander, dentistas infantiles Santander,\" \/>\n<meta property=\"og:description\" content=\"Manrique + PedOndontopediatr\u00eda Santander, odontopediatras Santander, odont\u00f3logos infantiles Santander, especialistas en odontolog\u00eda infantil Santander, dentistas infantiles Santander,\" \/>\n<meta property=\"og:url\" content=\"https:\/\/manriquepedraza.com\/en\/odontopaediatric\/\" \/>\n<meta property=\"og:site_name\" content=\"Manrique+Pedraza\" \/>\n<meta property=\"article:modified_time\" content=\"2018-07-12T11:46:11+00:00\" \/>\n<meta name=\"twitter:card\" content=\"summary_large_image\" \/>\n<meta name=\"twitter:label1\" content=\"Est. reading time\" \/>\n\t<meta name=\"twitter:data1\" content=\"3 minutes\" \/>\n<script type=\"application\/ld+json\" class=\"yoast-schema-graph\">{\"@context\":\"https:\/\/schema.org\",\"@graph\":[{\"@type\":\"WebPage\",\"@id\":\"https:\/\/manriquepedraza.com\/en\/odontopaediatric\/\",\"url\":\"https:\/\/manriquepedraza.com\/en\/odontopaediatric\/\",\"name\":\"Ondontopediatr\u00eda Santander, odontopediatras Santander, odont\u00f3logos infantiles Santander, especialistas en odontolog\u00eda infantil Santander, dentistas infantiles Santander,\",\"isPartOf\":{\"@id\":\"https:\/\/manriquepedraza.com\/#website\"},\"datePublished\":\"2017-01-24T16:30:31+00:00\",\"dateModified\":\"2018-07-12T11:46:11+00:00\",\"description\":\"Manrique + PedOndontopediatr\u00eda Santander, odontopediatras Santander, odont\u00f3logos infantiles Santander, especialistas en odontolog\u00eda infantil Santander, dentistas infantiles Santander,\",\"breadcrumb\":{\"@id\":\"https:\/\/manriquepedraza.com\/en\/odontopaediatric\/#breadcrumb\"},\"inLanguage\":\"en-US\",\"potentialAction\":[{\"@type\":\"ReadAction\",\"target\":[\"https:\/\/manriquepedraza.com\/en\/odontopaediatric\/\"]}]},{\"@type\":\"BreadcrumbList\",\"@id\":\"https:\/\/manriquepedraza.com\/en\/odontopaediatric\/#breadcrumb\",\"itemListElement\":[{\"@type\":\"ListItem\",\"position\":1,\"name\":\"Portada\",\"item\":\"https:\/\/manriquepedraza.com\/en\/\"},{\"@type\":\"ListItem\",\"position\":2,\"name\":\"ODONTOPAEDIATRIC\"}]},{\"@type\":\"WebSite\",\"@id\":\"https:\/\/manriquepedraza.com\/#website\",\"url\":\"https:\/\/manriquepedraza.com\/\",\"name\":\"Manrique+Pedraza\",\"description\":\"Centro de Especialidades Odontol\u00f3gicas en Santander\",\"publisher\":{\"@id\":\"https:\/\/manriquepedraza.com\/#organization\"},\"potentialAction\":[{\"@type\":\"SearchAction\",\"target\":{\"@type\":\"EntryPoint\",\"urlTemplate\":\"https:\/\/manriquepedraza.com\/?s={search_term_string}\"},\"query-input\":{\"@type\":\"PropertyValueSpecification\",\"valueRequired\":true,\"valueName\":\"search_term_string\"}}],\"inLanguage\":\"en-US\"},{\"@type\":\"Organization\",\"@id\":\"https:\/\/manriquepedraza.com\/#organization\",\"name\":\"Manrique y Pedraza\",\"url\":\"https:\/\/manriquepedraza.com\/\",\"logo\":{\"@type\":\"ImageObject\",\"inLanguage\":\"en-US\",\"@id\":\"https:\/\/manriquepedraza.com\/#\/schema\/logo\/image\/\",\"url\":\"https:\/\/manriquepedraza.com\/wp-content\/uploads\/2017\/01\/logo.png\",\"contentUrl\":\"https:\/\/manriquepedraza.com\/wp-content\/uploads\/2017\/01\/logo.png\",\"width\":357,\"height\":71,\"caption\":\"Manrique y Pedraza\"},\"image\":{\"@id\":\"https:\/\/manriquepedraza.com\/#\/schema\/logo\/image\/\"}}]}<\/script>\n<!-- \/ Yoast SEO plugin. -->","yoast_head_json":{"title":"Ondontopediatr\u00eda Santander, odontopediatras Santander, odont\u00f3logos infantiles Santander, especialistas en odontolog\u00eda infantil Santander, dentistas infantiles Santander,","description":"Manrique + PedOndontopediatr\u00eda Santander, odontopediatras Santander, odont\u00f3logos infantiles Santander, especialistas en odontolog\u00eda infantil Santander, dentistas infantiles Santander,","robots":{"index":"index","follow":"follow","max-snippet":"max-snippet:-1","max-image-preview":"max-image-preview:large","max-video-preview":"max-video-preview:-1"},"canonical":"https:\/\/manriquepedraza.com\/en\/odontopaediatric\/","og_locale":"en_US","og_type":"article","og_title":"Ondontopediatr\u00eda Santander, odontopediatras Santander, odont\u00f3logos infantiles Santander, especialistas en odontolog\u00eda infantil Santander, dentistas infantiles Santander,","og_description":"Manrique + PedOndontopediatr\u00eda Santander, odontopediatras Santander, odont\u00f3logos infantiles Santander, especialistas en odontolog\u00eda infantil Santander, dentistas infantiles Santander,","og_url":"https:\/\/manriquepedraza.com\/en\/odontopaediatric\/","og_site_name":"Manrique+Pedraza","article_modified_time":"2018-07-12T11:46:11+00:00","twitter_card":"summary_large_image","twitter_misc":{"Est. reading time":"3 minutes"},"schema":{"@context":"https:\/\/schema.org","@graph":[{"@type":"WebPage","@id":"https:\/\/manriquepedraza.com\/en\/odontopaediatric\/","url":"https:\/\/manriquepedraza.com\/en\/odontopaediatric\/","name":"Ondontopediatr\u00eda Santander, odontopediatras Santander, odont\u00f3logos infantiles Santander, especialistas en odontolog\u00eda infantil Santander, dentistas infantiles Santander,","isPartOf":{"@id":"https:\/\/manriquepedraza.com\/#website"},"datePublished":"2017-01-24T16:30:31+00:00","dateModified":"2018-07-12T11:46:11+00:00","description":"Manrique + PedOndontopediatr\u00eda Santander, odontopediatras Santander, odont\u00f3logos infantiles Santander, especialistas en odontolog\u00eda infantil Santander, dentistas infantiles Santander,","breadcrumb":{"@id":"https:\/\/manriquepedraza.com\/en\/odontopaediatric\/#breadcrumb"},"inLanguage":"en-US","potentialAction":[{"@type":"ReadAction","target":["https:\/\/manriquepedraza.com\/en\/odontopaediatric\/"]}]},{"@type":"BreadcrumbList","@id":"https:\/\/manriquepedraza.com\/en\/odontopaediatric\/#breadcrumb","itemListElement":[{"@type":"ListItem","position":1,"name":"Portada","item":"https:\/\/manriquepedraza.com\/en\/"},{"@type":"ListItem","position":2,"name":"ODONTOPAEDIATRIC"}]},{"@type":"WebSite","@id":"https:\/\/manriquepedraza.com\/#website","url":"https:\/\/manriquepedraza.com\/","name":"Manrique+Pedraza","description":"Centro de Especialidades Odontol\u00f3gicas en Santander","publisher":{"@id":"https:\/\/manriquepedraza.com\/#organization"},"potentialAction":[{"@type":"SearchAction","target":{"@type":"EntryPoint","urlTemplate":"https:\/\/manriquepedraza.com\/?s={search_term_string}"},"query-input":{"@type":"PropertyValueSpecification","valueRequired":true,"valueName":"search_term_string"}}],"inLanguage":"en-US"},{"@type":"Organization","@id":"https:\/\/manriquepedraza.com\/#organization","name":"Manrique y Pedraza","url":"https:\/\/manriquepedraza.com\/","logo":{"@type":"ImageObject","inLanguage":"en-US","@id":"https:\/\/manriquepedraza.com\/#\/schema\/logo\/image\/","url":"https:\/\/manriquepedraza.com\/wp-content\/uploads\/2017\/01\/logo.png","contentUrl":"https:\/\/manriquepedraza.com\/wp-content\/uploads\/2017\/01\/logo.png","width":357,"height":71,"caption":"Manrique y Pedraza"},"image":{"@id":"https:\/\/manriquepedraza.com\/#\/schema\/logo\/image\/"}}]}},"_links":{"self":[{"href":"https:\/\/manriquepedraza.com\/en\/wp-json\/wp\/v2\/pages\/2325","targetHints":{"allow":["GET"]}}],"collection":[{"href":"https:\/\/manriquepedraza.com\/en\/wp-json\/wp\/v2\/pages"}],"about":[{"href":"https:\/\/manriquepedraza.com\/en\/wp-json\/wp\/v2\/types\/page"}],"author":[{"embeddable":true,"href":"https:\/\/manriquepedraza.com\/en\/wp-json\/wp\/v2\/users\/1"}],"replies":[{"embeddable":true,"href":"https:\/\/manriquepedraza.com\/en\/wp-json\/wp\/v2\/comments?post=2325"}],"version-history":[{"count":0,"href":"https:\/\/manriquepedraza.com\/en\/wp-json\/wp\/v2\/pages\/2325\/revisions"}],"wp:attachment":[{"href":"https:\/\/manriquepedraza.com\/en\/wp-json\/wp\/v2\/media?parent=2325"}],"curies":[{"name":"wp","href":"https:\/\/api.w.org\/{rel}","templated":true}]}}