{"id":2259,"date":"2016-07-15T14:20:10","date_gmt":"2016-07-15T14:20:10","guid":{"rendered":"https:\/\/manriquepedraza.com\/odontologos-en-santander\/"},"modified":"2018-07-12T10:51:59","modified_gmt":"2018-07-12T10:51:59","slug":"clinical-team","status":"publish","type":"page","link":"https:\/\/manriquepedraza.com\/en\/clinical-team\/","title":{"rendered":"CLINICAL TEAM"},"content":{"rendered":"\n<style type=\"text\/css\" data-created_by=\"avia_inline_auto\" id=\"style-css-av-av_one_full-6126cab7d8fab8d08143dd2dacdf673c\">\n.flex_column.av-av_one_full-6126cab7d8fab8d08143dd2dacdf673c{\nborder-radius:0px 0px 0px 0px;\npadding:0px 0px 0px 0px;\n}\n<\/style>\n<div  class='flex_column av-av_one_full-6126cab7d8fab8d08143dd2dacdf673c av_one_full  avia-builder-el-0  el_before_av_hr  avia-builder-el-first  first flex_column_div av-zero-column-padding  '     ><style type=\"text\/css\" data-created_by=\"avia_inline_auto\" id=\"style-css-av-av_image-038b5137aed3a8d4e40b8a56f0cff578\">\n.avia-image-container.av-av_image-038b5137aed3a8d4e40b8a56f0cff578 img.avia_image{\nbox-shadow:none;\n}\n.avia-image-container.av-av_image-038b5137aed3a8d4e40b8a56f0cff578 .av-image-caption-overlay-center{\ncolor:#ffffff;\n}\n<\/style>\n<div  class='avia-image-container av-av_image-038b5137aed3a8d4e40b8a56f0cff578 av-styling- avia-align-center  avia-builder-el-1  avia-builder-el-no-sibling '   itemprop=\"image\" itemscope=\"itemscope\" itemtype=\"https:\/\/schema.org\/ImageObject\" ><div class=\"avia-image-container-inner\"><div class=\"avia-image-overlay-wrap\"><img decoding=\"async\" fetchpriority=\"high\" class='wp-image-2870 avia-img-lazy-loading-not-2870 avia_image ' src=\"https:\/\/manriquepedraza.com\/wp-content\/uploads\/2016\/07\/doctor-carlos-manrique-y-doctora-ana-pedraza-clinica-dental-santander-cantabria.jpg\" alt='' title='doctor-carlos-manrique-y-doctora-ana-pedraza-clinica-dental-santander-cantabria'  height=\"577\" width=\"1250\"  itemprop=\"thumbnailUrl\" srcset=\"https:\/\/manriquepedraza.com\/wp-content\/uploads\/2016\/07\/doctor-carlos-manrique-y-doctora-ana-pedraza-clinica-dental-santander-cantabria.jpg 1250w, https:\/\/manriquepedraza.com\/wp-content\/uploads\/2016\/07\/doctor-carlos-manrique-y-doctora-ana-pedraza-clinica-dental-santander-cantabria-300x138.jpg 300w, https:\/\/manriquepedraza.com\/wp-content\/uploads\/2016\/07\/doctor-carlos-manrique-y-doctora-ana-pedraza-clinica-dental-santander-cantabria-768x355.jpg 768w, https:\/\/manriquepedraza.com\/wp-content\/uploads\/2016\/07\/doctor-carlos-manrique-y-doctora-ana-pedraza-clinica-dental-santander-cantabria-1030x475.jpg 1030w, https:\/\/manriquepedraza.com\/wp-content\/uploads\/2016\/07\/doctor-carlos-manrique-y-doctora-ana-pedraza-clinica-dental-santander-cantabria-705x325.jpg 705w, https:\/\/manriquepedraza.com\/wp-content\/uploads\/2016\/07\/doctor-carlos-manrique-y-doctora-ana-pedraza-clinica-dental-santander-cantabria-450x208.jpg 450w\" sizes=\"(max-width: 1250px) 100vw, 1250px\" \/><\/div><\/div><\/div><\/div>\n\n<style type=\"text\/css\" data-created_by=\"avia_inline_auto\" id=\"style-css-av-av_hr-e8c293bc95976d5c6ff9d129b325da64\">\n#top .hr.hr-invisible.av-av_hr-e8c293bc95976d5c6ff9d129b325da64{\nheight:80px;\n}\n<\/style>\n<div  class='hr av-av_hr-e8c293bc95976d5c6ff9d129b325da64 hr-invisible  avia-builder-el-2  el_after_av_one_full  el_before_av_one_half '><span class='hr-inner '><span class=\"hr-inner-style\"><\/span><\/span><\/div>\n\n<style type=\"text\/css\" data-created_by=\"avia_inline_auto\" id=\"style-css-av-av_one_half-6126cab7d8fab8d08143dd2dacdf673c\">\n.flex_column.av-av_one_half-6126cab7d8fab8d08143dd2dacdf673c{\nborder-radius:0px 0px 0px 0px;\npadding:0px 0px 0px 0px;\n}\n<\/style>\n<div  class='flex_column av-av_one_half-6126cab7d8fab8d08143dd2dacdf673c av_one_half  avia-builder-el-3  el_after_av_hr  el_before_av_one_half  first flex_column_div av-zero-column-padding  '     ><p>\n<style type=\"text\/css\" data-created_by=\"avia_inline_auto\" id=\"style-css-av-av_heading-af12794433d741f3ec23719f03d9f57b\">\n#top .av-special-heading.av-av_heading-af12794433d741f3ec23719f03d9f57b{\npadding-bottom:10px;\ncolor:#236170;\n}\nbody .av-special-heading.av-av_heading-af12794433d741f3ec23719f03d9f57b .av-special-heading-tag .heading-char{\nfont-size:25px;\n}\n.av-special-heading.av-av_heading-af12794433d741f3ec23719f03d9f57b .special-heading-inner-border{\nborder-color:#236170;\n}\n.av-special-heading.av-av_heading-af12794433d741f3ec23719f03d9f57b .av-subheading{\nfont-size:15px;\n}\n<\/style>\n<div  class='av-special-heading av-av_heading-af12794433d741f3ec23719f03d9f57b av-special-heading-h1 custom-color-heading blockquote modern-quote modern-centered  avia-builder-el-4  el_before_av_hr  avia-builder-el-first '><h1 class='av-special-heading-tag '  itemprop=\"headline\"  >Dr. CARLOS MANRIQUE<\/h1><div class=\"special-heading-border\"><div class=\"special-heading-inner-border\"><\/div><\/div><\/div><br \/>\n\n<style type=\"text\/css\" data-created_by=\"avia_inline_auto\" id=\"style-css-av-av_hr-a6de236e6c183bbbd700292deacd2b52\">\n#top .hr.hr-invisible.av-av_hr-a6de236e6c183bbbd700292deacd2b52{\nheight:20px;\n}\n<\/style>\n<div  class='hr av-av_hr-a6de236e6c183bbbd700292deacd2b52 hr-invisible  avia-builder-el-5  el_after_av_heading  el_before_av_image '><span class='hr-inner '><span class=\"hr-inner-style\"><\/span><\/span><\/div><br \/>\n\n<style type=\"text\/css\" data-created_by=\"avia_inline_auto\" id=\"style-css-av-av_image-5de134538e4be50f00bd882ea07f16c0\">\n.avia-image-container.av-av_image-5de134538e4be50f00bd882ea07f16c0 img.avia_image{\nbox-shadow:none;\n}\n.avia-image-container.av-av_image-5de134538e4be50f00bd882ea07f16c0 .av-image-caption-overlay-center{\ncolor:#ffffff;\n}\n<\/style>\n<div  class='avia-image-container av-av_image-5de134538e4be50f00bd882ea07f16c0 av-styling- avia-align-center  avia-builder-el-6  el_after_av_hr  el_before_av_hr '   itemprop=\"image\" itemscope=\"itemscope\" itemtype=\"https:\/\/schema.org\/ImageObject\" ><div class=\"avia-image-container-inner\"><div class=\"avia-image-overlay-wrap\"><img decoding=\"async\" fetchpriority=\"high\" class='wp-image-2846 avia-img-lazy-loading-not-2846 avia_image ' src=\"https:\/\/manriquepedraza.com\/wp-content\/uploads\/2017\/01\/favicon.png\" alt='' title='favicon'  height=\"34\" width=\"34\"  itemprop=\"thumbnailUrl\"  \/><\/div><\/div><\/div><br \/>\n\n<style type=\"text\/css\" data-created_by=\"avia_inline_auto\" id=\"style-css-av-av_hr-a6de236e6c183bbbd700292deacd2b52\">\n#top .hr.hr-invisible.av-av_hr-a6de236e6c183bbbd700292deacd2b52{\nheight:20px;\n}\n<\/style>\n<div  class='hr av-av_hr-a6de236e6c183bbbd700292deacd2b52 hr-invisible  avia-builder-el-7  el_after_av_image  el_before_av_textblock '><span class='hr-inner '><span class=\"hr-inner-style\"><\/span><\/span><\/div><br \/>\n\n<style type=\"text\/css\" data-created_by=\"avia_inline_auto\" id=\"style-css-av-av_textblock-586e525e8b2f90af96d78819b81aa3fa\">\n#top .av_textblock_section.av-av_textblock-586e525e8b2f90af96d78819b81aa3fa .avia_textblock{\nfont-size:15px;\n}\n<\/style>\n<section  class='av_textblock_section av-av_textblock-586e525e8b2f90af96d78819b81aa3fa '   itemscope=\"itemscope\" itemtype=\"https:\/\/schema.org\/CreativeWork\" ><div class='avia_textblock'  itemprop=\"text\" ><ul>\n<li style=\"text-align: justify;\">Doctorate in Odontology. Mark: Summa \u201cCUM LAUDE\u201d. Universidad Complutense de Madrid.<\/li>\n<li style=\"text-align: justify;\">Degree in Odontology. Universidad Europea de Madrid.<\/li>\n<li style=\"text-align: justify;\">Master&#8217;s degree in Advanced Oral Implantology. Universidad Europea de Madrid.<\/li>\n<li style=\"text-align: justify;\">New York College of Dentistry continuing dental education programs. \u201cCurrent Concepts in American Dentistry Surgical Implantology\u201d. New York, U.S.A. (2004, 2005, 2006).<\/li>\n<li style=\"text-align: justify;\">Associate lecturer of DENTAL OCCLUSION AND TEMPOROMANDIBULAR JOINTS (<em>Articulaci\u00f3nTemporomandibular<\/em>, ATM).(2002-2011). Universidad Europea de Madrid.<\/li>\n<li style=\"text-align: justify;\">Associate lecturer of the Master&#8217;s degree in Advanced Oral Implantology. (2004 to date). Universidad Europea de Madrid.<\/li>\n<li style=\"text-align: justify;\">Guest lecturer at various universities: Universidad P\u00fablica de Valencia, Universidad Aut\u00f3noma de Madrid, Universidad Alfonso X, Universidad Cat\u00f3lica de Valencia.<\/li>\n<li style=\"text-align: justify;\">Head of Dental Surgery and Implantology. Hospital \u201cLos Madro\u00f1os\u201d. (2008-2011). Madrid.<\/li>\n<li style=\"text-align: justify;\">Member of the European Association of Osseointegration (EAO).<\/li>\n<li style=\"text-align: justify;\">Full Member of the <em>Sociedad Espa\u00f1ola de Cirug\u00eda Bucal<\/em>, SECIB (Spanish Association of Oral Surgery).<\/li>\n<li style=\"text-align: justify;\">Full Member of the <em>Sociedad Espa\u00f1ola de Pr\u00f3tesis Estomatol\u00f3gica y Est\u00e9tica<\/em>, SEPES (Spanish Association of Dental Prostheses and Aesthetic Dentistry).<\/li>\n<li style=\"text-align: justify;\">Member of the <em>Sociedad Espa\u00f1ola de Implantes<\/em>, SEI (Spanish Implants Association).<\/li>\n<\/ul>\n<\/div><\/section><\/p><\/div>\n<style type=\"text\/css\" data-created_by=\"avia_inline_auto\" id=\"style-css-av-av_one_half-0aa7055fe62c3622faec82866afbaeb2\">\n.flex_column.av-av_one_half-0aa7055fe62c3622faec82866afbaeb2{\nborder-radius:0px 0px 0px 0px;\npadding:0px 0px 0px 0px;\n}\n<\/style>\n<div  class='flex_column av-av_one_half-0aa7055fe62c3622faec82866afbaeb2 av_one_half  avia-builder-el-9  el_after_av_one_half  avia-builder-el-last  flex_column_div av-zero-column-padding  '     ><p>\n<style type=\"text\/css\" data-created_by=\"avia_inline_auto\" id=\"style-css-av-av_heading-96f751899acdc5b1e6ad6ac96859abd0\">\n#top .av-special-heading.av-av_heading-96f751899acdc5b1e6ad6ac96859abd0{\npadding-bottom:10px;\ncolor:#236170;\n}\nbody .av-special-heading.av-av_heading-96f751899acdc5b1e6ad6ac96859abd0 .av-special-heading-tag .heading-char{\nfont-size:25px;\n}\n.av-special-heading.av-av_heading-96f751899acdc5b1e6ad6ac96859abd0 .special-heading-inner-border{\nborder-color:#236170;\n}\n.av-special-heading.av-av_heading-96f751899acdc5b1e6ad6ac96859abd0 .av-subheading{\nfont-size:15px;\n}\n<\/style>\n<div  class='av-special-heading av-av_heading-96f751899acdc5b1e6ad6ac96859abd0 av-special-heading-h1 custom-color-heading blockquote modern-quote modern-centered  avia-builder-el-10  el_before_av_hr  avia-builder-el-first '><h1 class='av-special-heading-tag '  itemprop=\"headline\"  >Dr. ANA PEDRAZA<\/h1><div class=\"special-heading-border\"><div class=\"special-heading-inner-border\"><\/div><\/div><\/div><br \/>\n\n<style type=\"text\/css\" data-created_by=\"avia_inline_auto\" id=\"style-css-av-av_hr-a6de236e6c183bbbd700292deacd2b52\">\n#top .hr.hr-invisible.av-av_hr-a6de236e6c183bbbd700292deacd2b52{\nheight:20px;\n}\n<\/style>\n<div  class='hr av-av_hr-a6de236e6c183bbbd700292deacd2b52 hr-invisible  avia-builder-el-11  el_after_av_heading  el_before_av_image '><span class='hr-inner '><span class=\"hr-inner-style\"><\/span><\/span><\/div><br \/>\n\n<style type=\"text\/css\" data-created_by=\"avia_inline_auto\" id=\"style-css-av-av_image-5de134538e4be50f00bd882ea07f16c0\">\n.avia-image-container.av-av_image-5de134538e4be50f00bd882ea07f16c0 img.avia_image{\nbox-shadow:none;\n}\n.avia-image-container.av-av_image-5de134538e4be50f00bd882ea07f16c0 .av-image-caption-overlay-center{\ncolor:#ffffff;\n}\n<\/style>\n<div  class='avia-image-container av-av_image-5de134538e4be50f00bd882ea07f16c0 av-styling- avia-align-center  avia-builder-el-12  el_after_av_hr  el_before_av_hr '   itemprop=\"image\" itemscope=\"itemscope\" itemtype=\"https:\/\/schema.org\/ImageObject\" ><div class=\"avia-image-container-inner\"><div class=\"avia-image-overlay-wrap\"><img decoding=\"async\" fetchpriority=\"high\" class='wp-image-2846 avia-img-lazy-loading-not-2846 avia_image ' src=\"https:\/\/manriquepedraza.com\/wp-content\/uploads\/2017\/01\/favicon.png\" alt='' title='favicon'  height=\"34\" width=\"34\"  itemprop=\"thumbnailUrl\"  \/><\/div><\/div><\/div><br \/>\n\n<style type=\"text\/css\" data-created_by=\"avia_inline_auto\" id=\"style-css-av-av_hr-a6de236e6c183bbbd700292deacd2b52\">\n#top .hr.hr-invisible.av-av_hr-a6de236e6c183bbbd700292deacd2b52{\nheight:20px;\n}\n<\/style>\n<div  class='hr av-av_hr-a6de236e6c183bbbd700292deacd2b52 hr-invisible  avia-builder-el-13  el_after_av_image  el_before_av_textblock '><span class='hr-inner '><span class=\"hr-inner-style\"><\/span><\/span><\/div><br \/>\n\n<style type=\"text\/css\" data-created_by=\"avia_inline_auto\" id=\"style-css-av-av_textblock-586e525e8b2f90af96d78819b81aa3fa\">\n#top .av_textblock_section.av-av_textblock-586e525e8b2f90af96d78819b81aa3fa .avia_textblock{\nfont-size:15px;\n}\n<\/style>\n<section  class='av_textblock_section av-av_textblock-586e525e8b2f90af96d78819b81aa3fa '   itemscope=\"itemscope\" itemtype=\"https:\/\/schema.org\/CreativeWork\" ><div class='avia_textblock'  itemprop=\"text\" ><ul style=\"text-align: justify;\">\n<li style=\"text-align: justify;\">Doctorate in Odontology. Mark: Summa \u201cCUM LAUDE\u201d. Universidad de Granada<\/li>\n<li style=\"text-align: justify;\">Degree in Odontology. Universidad Alfonso X el Sabio.<\/li>\n<li style=\"text-align: justify;\">Master&#8217;s degree in Advanced Orthodontics.Universidad Europea de Madrid.<\/li>\n<li style=\"text-align: justify;\">Associate lecturer of Adults and Occlusion at the Universidad Europea de Madrid.<\/li>\n<li style=\"text-align: justify;\">Associate lecturer of Dental Occlusion and Temporomandibular Joints. Universidad Europea de Madrid.<\/li>\n<li style=\"text-align: justify;\">GESTOMA Clinical Orthodontics Course.<\/li>\n<li style=\"text-align: justify;\">Ongoing training in Aesthetic Dentistry: \u201cConservativa diretta nei settori anteriori\u201d Dr. Lorenzo Vanini- \u201cFree-Hand Bonding in the Smile Frame\u201d Dr Dietschi<\/li>\n<li style=\"text-align: justify;\">Dr. Certificate in Invisalign.<\/li>\n<li style=\"text-align: justify;\">Dr. Certificate in the Incognito System of Lingual Orthodontics.<\/li>\n<li style=\"text-align: justify;\">Dr. Certificate in the Harmony System of Lingual Orthodontics.<\/li>\n<li style=\"text-align: justify;\">Master&#8217;s degree in Implants and Implant-Supported Prostheses. Universidad Alfonso X el Sabio.<\/li>\n<\/ul>\n<p style=\"text-align: justify;\"><strong>SPECIALIST<\/strong><\/p>\n<ul style=\"text-align: justify;\">\n<li style=\"text-align: justify;\">Specialist in orthodontics for children and adults<\/li>\n<li style=\"text-align: justify;\">Specialist in Aesthetic Dentistry: Smile Design<\/li>\n<li style=\"text-align: justify;\">Member of the <em>Sociedad Espa\u00f1ola De Ortodoncia<\/em>, SEDO (Spanish Orthodontics Society)<\/li>\n<\/ul>\n<\/div><\/section><\/p><\/div><\/p>\n","protected":false},"excerpt":{"rendered":"","protected":false},"author":1,"featured_media":0,"parent":0,"menu_order":0,"comment_status":"closed","ping_status":"closed","template":"","meta":{"_monsterinsights_skip_tracking":false,"_monsterinsights_sitenote_active":false,"_monsterinsights_sitenote_note":"","_monsterinsights_sitenote_category":0,"footnotes":""},"class_list":["post-2259","page","type-page","status-publish","hentry"],"yoast_head":"<!-- This site is optimized with the Yoast SEO plugin v27.1.1 - https:\/\/yoast.com\/product\/yoast-seo-wordpress\/ -->\n<title>Odont\u00f3logos en Santander, ortodoncistas Santander, endodoncistas Santander, dentistas Santander, mejores odont\u00f3logos Santander, mejores ortodoncistas infantiles Santander,<\/title>\n<meta name=\"description\" content=\"Manrique + Pedraza dispone de un equipo de profesionales altamente cualificados como Odont\u00f3logos en Santander, ortodoncistas Santander, endodoncistas Santander, dentistas Santander, mejores odont\u00f3logos Santander, mejores ortodoncistas infantiles Santander,\" \/>\n<meta name=\"robots\" content=\"index, follow, max-snippet:-1, max-image-preview:large, max-video-preview:-1\" \/>\n<link rel=\"canonical\" href=\"https:\/\/manriquepedraza.com\/en\/clinical-team\/\" \/>\n<meta property=\"og:locale\" content=\"en_US\" \/>\n<meta property=\"og:type\" content=\"article\" \/>\n<meta property=\"og:title\" content=\"Odont\u00f3logos en Santander, ortodoncistas Santander, endodoncistas Santander, dentistas Santander, mejores odont\u00f3logos Santander, mejores ortodoncistas infantiles Santander,\" \/>\n<meta property=\"og:description\" content=\"Manrique + Pedraza dispone de un equipo de profesionales altamente cualificados como Odont\u00f3logos en Santander, ortodoncistas Santander, endodoncistas Santander, dentistas Santander, mejores odont\u00f3logos Santander, mejores ortodoncistas infantiles Santander,\" \/>\n<meta property=\"og:url\" content=\"https:\/\/manriquepedraza.com\/en\/clinical-team\/\" \/>\n<meta property=\"og:site_name\" content=\"Manrique+Pedraza\" \/>\n<meta property=\"article:modified_time\" content=\"2018-07-12T10:51:59+00:00\" \/>\n<meta name=\"twitter:card\" content=\"summary_large_image\" \/>\n<meta name=\"twitter:label1\" content=\"Est. reading time\" \/>\n\t<meta name=\"twitter:data1\" content=\"5 minutes\" \/>\n<script type=\"application\/ld+json\" class=\"yoast-schema-graph\">{\"@context\":\"https:\/\/schema.org\",\"@graph\":[{\"@type\":\"WebPage\",\"@id\":\"https:\/\/manriquepedraza.com\/en\/clinical-team\/\",\"url\":\"https:\/\/manriquepedraza.com\/en\/clinical-team\/\",\"name\":\"Odont\u00f3logos en Santander, ortodoncistas Santander, endodoncistas Santander, dentistas Santander, mejores odont\u00f3logos Santander, mejores ortodoncistas infantiles Santander,\",\"isPartOf\":{\"@id\":\"https:\/\/manriquepedraza.com\/#website\"},\"datePublished\":\"2016-07-15T14:20:10+00:00\",\"dateModified\":\"2018-07-12T10:51:59+00:00\",\"description\":\"Manrique + Pedraza dispone de un equipo de profesionales altamente cualificados como Odont\u00f3logos en Santander, ortodoncistas Santander, endodoncistas Santander, dentistas Santander, mejores odont\u00f3logos Santander, mejores ortodoncistas infantiles Santander,\",\"breadcrumb\":{\"@id\":\"https:\/\/manriquepedraza.com\/en\/clinical-team\/#breadcrumb\"},\"inLanguage\":\"en-US\",\"potentialAction\":[{\"@type\":\"ReadAction\",\"target\":[\"https:\/\/manriquepedraza.com\/en\/clinical-team\/\"]}]},{\"@type\":\"BreadcrumbList\",\"@id\":\"https:\/\/manriquepedraza.com\/en\/clinical-team\/#breadcrumb\",\"itemListElement\":[{\"@type\":\"ListItem\",\"position\":1,\"name\":\"Portada\",\"item\":\"https:\/\/manriquepedraza.com\/en\/\"},{\"@type\":\"ListItem\",\"position\":2,\"name\":\"CLINICAL TEAM\"}]},{\"@type\":\"WebSite\",\"@id\":\"https:\/\/manriquepedraza.com\/#website\",\"url\":\"https:\/\/manriquepedraza.com\/\",\"name\":\"Manrique+Pedraza\",\"description\":\"Centro de Especialidades Odontol\u00f3gicas en Santander\",\"publisher\":{\"@id\":\"https:\/\/manriquepedraza.com\/#organization\"},\"potentialAction\":[{\"@type\":\"SearchAction\",\"target\":{\"@type\":\"EntryPoint\",\"urlTemplate\":\"https:\/\/manriquepedraza.com\/?s={search_term_string}\"},\"query-input\":{\"@type\":\"PropertyValueSpecification\",\"valueRequired\":true,\"valueName\":\"search_term_string\"}}],\"inLanguage\":\"en-US\"},{\"@type\":\"Organization\",\"@id\":\"https:\/\/manriquepedraza.com\/#organization\",\"name\":\"Manrique y Pedraza\",\"url\":\"https:\/\/manriquepedraza.com\/\",\"logo\":{\"@type\":\"ImageObject\",\"inLanguage\":\"en-US\",\"@id\":\"https:\/\/manriquepedraza.com\/#\/schema\/logo\/image\/\",\"url\":\"https:\/\/manriquepedraza.com\/wp-content\/uploads\/2017\/01\/logo.png\",\"contentUrl\":\"https:\/\/manriquepedraza.com\/wp-content\/uploads\/2017\/01\/logo.png\",\"width\":357,\"height\":71,\"caption\":\"Manrique y Pedraza\"},\"image\":{\"@id\":\"https:\/\/manriquepedraza.com\/#\/schema\/logo\/image\/\"}}]}<\/script>\n<!-- \/ Yoast SEO plugin. -->","yoast_head_json":{"title":"Odont\u00f3logos en Santander, ortodoncistas Santander, endodoncistas Santander, dentistas Santander, mejores odont\u00f3logos Santander, mejores ortodoncistas infantiles Santander,","description":"Manrique + Pedraza dispone de un equipo de profesionales altamente cualificados como Odont\u00f3logos en Santander, ortodoncistas Santander, endodoncistas Santander, dentistas Santander, mejores odont\u00f3logos Santander, mejores ortodoncistas infantiles Santander,","robots":{"index":"index","follow":"follow","max-snippet":"max-snippet:-1","max-image-preview":"max-image-preview:large","max-video-preview":"max-video-preview:-1"},"canonical":"https:\/\/manriquepedraza.com\/en\/clinical-team\/","og_locale":"en_US","og_type":"article","og_title":"Odont\u00f3logos en Santander, ortodoncistas Santander, endodoncistas Santander, dentistas Santander, mejores odont\u00f3logos Santander, mejores ortodoncistas infantiles Santander,","og_description":"Manrique + Pedraza dispone de un equipo de profesionales altamente cualificados como Odont\u00f3logos en Santander, ortodoncistas Santander, endodoncistas Santander, dentistas Santander, mejores odont\u00f3logos Santander, mejores ortodoncistas infantiles Santander,","og_url":"https:\/\/manriquepedraza.com\/en\/clinical-team\/","og_site_name":"Manrique+Pedraza","article_modified_time":"2018-07-12T10:51:59+00:00","twitter_card":"summary_large_image","twitter_misc":{"Est. reading time":"5 minutes"},"schema":{"@context":"https:\/\/schema.org","@graph":[{"@type":"WebPage","@id":"https:\/\/manriquepedraza.com\/en\/clinical-team\/","url":"https:\/\/manriquepedraza.com\/en\/clinical-team\/","name":"Odont\u00f3logos en Santander, ortodoncistas Santander, endodoncistas Santander, dentistas Santander, mejores odont\u00f3logos Santander, mejores ortodoncistas infantiles Santander,","isPartOf":{"@id":"https:\/\/manriquepedraza.com\/#website"},"datePublished":"2016-07-15T14:20:10+00:00","dateModified":"2018-07-12T10:51:59+00:00","description":"Manrique + Pedraza dispone de un equipo de profesionales altamente cualificados como Odont\u00f3logos en Santander, ortodoncistas Santander, endodoncistas Santander, dentistas Santander, mejores odont\u00f3logos Santander, mejores ortodoncistas infantiles Santander,","breadcrumb":{"@id":"https:\/\/manriquepedraza.com\/en\/clinical-team\/#breadcrumb"},"inLanguage":"en-US","potentialAction":[{"@type":"ReadAction","target":["https:\/\/manriquepedraza.com\/en\/clinical-team\/"]}]},{"@type":"BreadcrumbList","@id":"https:\/\/manriquepedraza.com\/en\/clinical-team\/#breadcrumb","itemListElement":[{"@type":"ListItem","position":1,"name":"Portada","item":"https:\/\/manriquepedraza.com\/en\/"},{"@type":"ListItem","position":2,"name":"CLINICAL TEAM"}]},{"@type":"WebSite","@id":"https:\/\/manriquepedraza.com\/#website","url":"https:\/\/manriquepedraza.com\/","name":"Manrique+Pedraza","description":"Centro de Especialidades Odontol\u00f3gicas en Santander","publisher":{"@id":"https:\/\/manriquepedraza.com\/#organization"},"potentialAction":[{"@type":"SearchAction","target":{"@type":"EntryPoint","urlTemplate":"https:\/\/manriquepedraza.com\/?s={search_term_string}"},"query-input":{"@type":"PropertyValueSpecification","valueRequired":true,"valueName":"search_term_string"}}],"inLanguage":"en-US"},{"@type":"Organization","@id":"https:\/\/manriquepedraza.com\/#organization","name":"Manrique y Pedraza","url":"https:\/\/manriquepedraza.com\/","logo":{"@type":"ImageObject","inLanguage":"en-US","@id":"https:\/\/manriquepedraza.com\/#\/schema\/logo\/image\/","url":"https:\/\/manriquepedraza.com\/wp-content\/uploads\/2017\/01\/logo.png","contentUrl":"https:\/\/manriquepedraza.com\/wp-content\/uploads\/2017\/01\/logo.png","width":357,"height":71,"caption":"Manrique y Pedraza"},"image":{"@id":"https:\/\/manriquepedraza.com\/#\/schema\/logo\/image\/"}}]}},"_links":{"self":[{"href":"https:\/\/manriquepedraza.com\/en\/wp-json\/wp\/v2\/pages\/2259","targetHints":{"allow":["GET"]}}],"collection":[{"href":"https:\/\/manriquepedraza.com\/en\/wp-json\/wp\/v2\/pages"}],"about":[{"href":"https:\/\/manriquepedraza.com\/en\/wp-json\/wp\/v2\/types\/page"}],"author":[{"embeddable":true,"href":"https:\/\/manriquepedraza.com\/en\/wp-json\/wp\/v2\/users\/1"}],"replies":[{"embeddable":true,"href":"https:\/\/manriquepedraza.com\/en\/wp-json\/wp\/v2\/comments?post=2259"}],"version-history":[{"count":0,"href":"https:\/\/manriquepedraza.com\/en\/wp-json\/wp\/v2\/pages\/2259\/revisions"}],"wp:attachment":[{"href":"https:\/\/manriquepedraza.com\/en\/wp-json\/wp\/v2\/media?parent=2259"}],"curies":[{"name":"wp","href":"https:\/\/api.w.org\/{rel}","templated":true}]}}